{"id":464,"date":"2023-07-06T13:11:17","date_gmt":"2023-07-06T11:11:17","guid":{"rendered":"https:\/\/www.jugendherbergen-bayern.de\/lehrerfortbildung\/?page_id=464"},"modified":"2026-02-19T09:41:55","modified_gmt":"2026-02-19T08:41:55","slug":"teamerinnen-netzwerktreffen","status":"publish","type":"page","link":"https:\/\/www.jugendherbergen-bayern.de\/lehrerfortbildung\/teamerinnen-netzwerktreffen\/","title":{"rendered":"Teamer*innen Netzwerktreffen"},"content":{"rendered":"\n<p><\/p>\n\n\n\n<h4 class=\"wp-block-heading\"><strong>Wir organisieren ein Teamer*innen Netzwerktreffen f\u00fcr alle  DJH-Teamer*innen im S\u00fcden. Neben Networking und p\u00e4dagogischen Inputs geht es vor allem um Eines: Ganz viel Spa\u00df haben!&nbsp;<\/strong><\/h4>\n\n\n\n<h4 class=\"wp-block-heading\"><strong>Sichere dir schon einmal einen Platz und melde dich&nbsp;verbindlich zu unserem Netzwerktreffen an!<\/strong><\/h4>\n\n\n\n<hr class=\"wp-block-separator has-alpha-channel-opacity\"\/>\n\n\n\n<p>Hier geht&#8217;s zu Anmeldung:<\/p>\n\n\n\n<p><\/p>\n\n\n\n<script>\n  if (typeof hasAmeliaEvent === 'undefined') {\n    var hasAmeliaEvent = true;\n  }\n  if (typeof hasEventApiCall === 'undefined' && ('' === '' && '' !== '1')) {\n    var hasEventApiCall = true;\n  }\n  var hasEventShortcode = (typeof hasEventShortcode === 'undefined') ? false : true;\n  var ameliaShortcodeData = (typeof ameliaShortcodeData === 'undefined') ? [] : ameliaShortcodeData;\n  ameliaShortcodeData.push(\n    {\n      'hasApiCall': (typeof hasEventApiCall !== 'undefined') && hasEventApiCall,\n      'trigger': '',\n      'trigger_type': '',\n      'triggered_form': 'elf',\n      'in_dialog': '',\n      'counter': '1000',\n      'employee': '',\n      'eventId': '',\n      'eventRecurring': 0,\n      'eventTag': \"Teamer*in Netzwerk\",\n      'locationId': \"\"\n    }\n  );\n  var ameliaShortcodeDataTriggered = (typeof ameliaShortcodeDataTriggered === 'undefined') ? [] : ameliaShortcodeDataTriggered;\n  if (ameliaShortcodeData[ameliaShortcodeData.length - 1].trigger !== '') {\n    if (ameliaShortcodeDataTriggered.filter(a => a.counter === ameliaShortcodeData[ameliaShortcodeData.length - 1].counter).length === 0) {\n      ameliaShortcodeDataTriggered.push(ameliaShortcodeData.pop());\n    } else {\n      ameliaShortcodeData.pop()\n    }\n  }\n  if (typeof hasEventApiCall !== 'undefined' && hasEventApiCall) {\n    hasEventApiCall = false;\n  }\n<\/script>\n\n<div\n  id=\"amelia-v2-booking-1000\"\n  class=\"amelia-v2-booking\"\n>\n    <events-list-form-wrapper><\/div>\n\n\n\n\n<hr class=\"wp-block-separator has-alpha-channel-opacity\"\/>\n","protected":false},"excerpt":{"rendered":"<p>Wir organisieren ein Teamer*innen Netzwerktreffen f\u00fcr alle DJH-Teamer*innen im S\u00fcden. Neben Networking und p\u00e4dagogischen Inputs geht es vor allem um Eines: Ganz viel Spa\u00df haben!&nbsp; Sichere dir schon einmal einen Platz und melde dich&nbsp;verbindlich zu unserem Netzwerktreffen an! Hier geht&#8217;s zu Anmeldung:<\/p>\n","protected":false},"author":6,"featured_media":0,"parent":0,"menu_order":0,"comment_status":"closed","ping_status":"closed","template":"","meta":{"footnotes":""},"class_list":["post-464","page","type-page","status-publish","hentry"],"_links":{"self":[{"href":"https:\/\/www.jugendherbergen-bayern.de\/lehrerfortbildung\/wp-json\/wp\/v2\/pages\/464","targetHints":{"allow":["GET"]}}],"collection":[{"href":"https:\/\/www.jugendherbergen-bayern.de\/lehrerfortbildung\/wp-json\/wp\/v2\/pages"}],"about":[{"href":"https:\/\/www.jugendherbergen-bayern.de\/lehrerfortbildung\/wp-json\/wp\/v2\/types\/page"}],"author":[{"embeddable":true,"href":"https:\/\/www.jugendherbergen-bayern.de\/lehrerfortbildung\/wp-json\/wp\/v2\/users\/6"}],"replies":[{"embeddable":true,"href":"https:\/\/www.jugendherbergen-bayern.de\/lehrerfortbildung\/wp-json\/wp\/v2\/comments?post=464"}],"version-history":[{"count":8,"href":"https:\/\/www.jugendherbergen-bayern.de\/lehrerfortbildung\/wp-json\/wp\/v2\/pages\/464\/revisions"}],"predecessor-version":[{"id":831,"href":"https:\/\/www.jugendherbergen-bayern.de\/lehrerfortbildung\/wp-json\/wp\/v2\/pages\/464\/revisions\/831"}],"wp:attachment":[{"href":"https:\/\/www.jugendherbergen-bayern.de\/lehrerfortbildung\/wp-json\/wp\/v2\/media?parent=464"}],"curies":[{"name":"wp","href":"https:\/\/api.w.org\/{rel}","templated":true}]}}