{"id":58,"date":"2020-09-04T11:01:38","date_gmt":"2020-09-04T09:01:38","guid":{"rendered":"https:\/\/www.jugendherbergen-bayern.de\/lehrerfortbildung\/?page_id=58"},"modified":"2025-10-20T10:43:08","modified_gmt":"2025-10-20T08:43:08","slug":"schule-unterwegs-realschule","status":"publish","type":"page","link":"https:\/\/www.jugendherbergen-bayern.de\/lehrerfortbildung\/schule-unterwegs-realschule\/","title":{"rendered":"Schule unterwegs (Realschule)"},"content":{"rendered":"\n<p>Das<strong> Bayerische Staatsministerium f\u00fcr Unterricht und Kultus<\/strong> bietet auch in diesem Schuljahr in Zusammenarbeit mit dem Deutschen Jugendherbergswerk, Landesverband Bayern, und dem Bayerischen Schullandheimwerk Lehrg\u00e4nge f\u00fcr Studienreferendar*innen an Gymnasien zu Schulwanderungen, Studienfahrten und Aufenthalten in Schullandheimen und Jugendherbergen an.<\/p>\n\n\n\n<p>Zur Vorbereitung der sp\u00e4teren Berufspraxis als Lehrkraft bieten diese Lehrg\u00e4nge wertvolle Hilfestellungen bei der Planung und Durchf\u00fchrung au\u00dferunterrichtlicher Aktivit\u00e4ten sowie von Schullandheim- und Jugendherbergsaufenthalten.<\/p>\n\n\n\n<p>Das Lehrgangsangebot wurde abwechslungsreich und zeitlich flexibel gestaltet, um den dienstlichen und pers\u00f6nlichen Planungen der Teilnehmenden m\u00f6glichst entgegenzukommen.<\/p>\n\n\n\n<hr class=\"wp-block-separator has-css-opacity\"\/>\n\n\n\n<p><\/p>\n\n\n\n<div class=\"wp-block-amelia-events-gutenberg-block\"><script>\n  if (typeof hasAmeliaEvent === 'undefined') {\n    var hasAmeliaEvent = true;\n  }\n  if (typeof hasEventApiCall === 'undefined' && ('' === '' && '' !== '1')) {\n    var hasEventApiCall = true;\n  }\n  var hasEventShortcode = (typeof hasEventShortcode === 'undefined') ? false : true;\n  var ameliaShortcodeData = (typeof ameliaShortcodeData === 'undefined') ? [] : ameliaShortcodeData;\n  ameliaShortcodeData.push(\n    {\n      'hasApiCall': (typeof hasEventApiCall !== 'undefined') && hasEventApiCall,\n      'trigger': '',\n      'trigger_type': '',\n      'triggered_form': 'elf',\n      'in_dialog': '',\n      'counter': '1000',\n      'employee': '',\n      'eventId': '',\n      'eventRecurring': 0,\n      'eventTag': \"Ausbildung Realschule\",\n      'locationId': \"\"\n    }\n  );\n  var ameliaShortcodeDataTriggered = (typeof ameliaShortcodeDataTriggered === 'undefined') ? [] : ameliaShortcodeDataTriggered;\n  if (ameliaShortcodeData[ameliaShortcodeData.length - 1].trigger !== '') {\n    if (ameliaShortcodeDataTriggered.filter(a => a.counter === ameliaShortcodeData[ameliaShortcodeData.length - 1].counter).length === 0) {\n      ameliaShortcodeDataTriggered.push(ameliaShortcodeData.pop());\n    } else {\n      ameliaShortcodeData.pop()\n    }\n  }\n  if (typeof hasEventApiCall !== 'undefined' && hasEventApiCall) {\n    hasEventApiCall = false;\n  }\n<\/script>\n\n<div\n  id=\"amelia-v2-booking-1000\"\n  class=\"amelia-v2-booking\"\n>\n    <events-list-form-wrapper><\/div>\n<\/div>\n\n\n\n<p>Eine Stornierung kann&nbsp;ausschlie\u00dflich&nbsp;aufgrund&nbsp;nachweisbarer dienstlicher Gr\u00fcnde&nbsp;oder bei&nbsp;attestierter Krankheit&nbsp;nach R\u00fccksprache mit der Seminarleitung erfolgen. In einem begr\u00fcndeten Fall muss die Mitteilung mit Kontaktdaten und Nachweis des Stornierungsgrundes an&nbsp;<a href=\"blank\" target=\"_blank\" rel=\"noreferrer noopener\">fortbildung.bayern@jugendherberge.de<\/a>&nbsp;gesendet werden.&nbsp;<strong>Bei nicht nachgewiesenen Stornierungsgr\u00fcnden oder unentschuldigtem Fehlen werden die entstandenen Kosten als Stornogeb\u00fchren in Rechnung gestellt<\/strong><\/p>\n\n\n\n<p>Buchungen werden ab 14.10.25 um 18:00 Uhr freigegeben. Viel Spa\u00df beim Buchen, wir freuen uns auf euch!<\/p>\n\n\n\n<figure class=\"wp-block-gallery has-nested-images columns-default is-cropped wp-block-gallery-1 is-layout-flex wp-block-gallery-is-layout-flex\">\n<figure class=\"wp-block-image size-large\"><img loading=\"lazy\" decoding=\"async\" width=\"1024\" height=\"683\" data-id=\"562\" src=\"https:\/\/www.jugendherbergen-bayern.de\/lehrerfortbildung\/wp-content\/uploads\/2024\/10\/preset23_2014_09_20_tb_djh_teamtraining_2036-1024x683.jpg\" alt=\"\" class=\"wp-image-562\" srcset=\"https:\/\/www.jugendherbergen-bayern.de\/lehrerfortbildung\/wp-content\/uploads\/2024\/10\/preset23_2014_09_20_tb_djh_teamtraining_2036-1024x683.jpg 1024w, https:\/\/www.jugendherbergen-bayern.de\/lehrerfortbildung\/wp-content\/uploads\/2024\/10\/preset23_2014_09_20_tb_djh_teamtraining_2036-300x200.jpg 300w, https:\/\/www.jugendherbergen-bayern.de\/lehrerfortbildung\/wp-content\/uploads\/2024\/10\/preset23_2014_09_20_tb_djh_teamtraining_2036-768x512.jpg 768w, https:\/\/www.jugendherbergen-bayern.de\/lehrerfortbildung\/wp-content\/uploads\/2024\/10\/preset23_2014_09_20_tb_djh_teamtraining_2036-600x400.jpg 600w, https:\/\/www.jugendherbergen-bayern.de\/lehrerfortbildung\/wp-content\/uploads\/2024\/10\/preset23_2014_09_20_tb_djh_teamtraining_2036-1536x1024.jpg 1536w, https:\/\/www.jugendherbergen-bayern.de\/lehrerfortbildung\/wp-content\/uploads\/2024\/10\/preset23_2014_09_20_tb_djh_teamtraining_2036-2048x1365.jpg 2048w, https:\/\/www.jugendherbergen-bayern.de\/lehrerfortbildung\/wp-content\/uploads\/2024\/10\/preset23_2014_09_20_tb_djh_teamtraining_2036-1200x800.jpg 1200w, https:\/\/www.jugendherbergen-bayern.de\/lehrerfortbildung\/wp-content\/uploads\/2024\/10\/preset23_2014_09_20_tb_djh_teamtraining_2036-1980x1320.jpg 1980w\" sizes=\"auto, (max-width: 1024px) 100vw, 1024px\" \/><\/figure>\n<\/figure>\n","protected":false},"excerpt":{"rendered":"<p>Das Bayerische Staatsministerium f\u00fcr Unterricht und Kultus bietet auch in diesem Schuljahr in Zusammenarbeit mit dem Deutschen Jugendherbergswerk, Landesverband Bayern, und dem Bayerischen Schullandheimwerk Lehrg\u00e4nge f\u00fcr Studienreferendar*innen an Gymnasien zu Schulwanderungen, Studienfahrten und Aufenthalten in Schullandheimen und Jugendherbergen an. Zur Vorbereitung der sp\u00e4teren Berufspraxis als Lehrkraft bieten diese Lehrg\u00e4nge wertvolle Hilfestellungen bei der Planung und [&hellip;]<\/p>\n","protected":false},"author":1,"featured_media":0,"parent":0,"menu_order":0,"comment_status":"closed","ping_status":"closed","template":"","meta":{"footnotes":""},"class_list":["post-58","page","type-page","status-publish","hentry"],"_links":{"self":[{"href":"https:\/\/www.jugendherbergen-bayern.de\/lehrerfortbildung\/wp-json\/wp\/v2\/pages\/58","targetHints":{"allow":["GET"]}}],"collection":[{"href":"https:\/\/www.jugendherbergen-bayern.de\/lehrerfortbildung\/wp-json\/wp\/v2\/pages"}],"about":[{"href":"https:\/\/www.jugendherbergen-bayern.de\/lehrerfortbildung\/wp-json\/wp\/v2\/types\/page"}],"author":[{"embeddable":true,"href":"https:\/\/www.jugendherbergen-bayern.de\/lehrerfortbildung\/wp-json\/wp\/v2\/users\/1"}],"replies":[{"embeddable":true,"href":"https:\/\/www.jugendherbergen-bayern.de\/lehrerfortbildung\/wp-json\/wp\/v2\/comments?post=58"}],"version-history":[{"count":20,"href":"https:\/\/www.jugendherbergen-bayern.de\/lehrerfortbildung\/wp-json\/wp\/v2\/pages\/58\/revisions"}],"predecessor-version":[{"id":787,"href":"https:\/\/www.jugendherbergen-bayern.de\/lehrerfortbildung\/wp-json\/wp\/v2\/pages\/58\/revisions\/787"}],"wp:attachment":[{"href":"https:\/\/www.jugendherbergen-bayern.de\/lehrerfortbildung\/wp-json\/wp\/v2\/media?parent=58"}],"curies":[{"name":"wp","href":"https:\/\/api.w.org\/{rel}","templated":true}]}}