{"id":666,"date":"2025-06-17T12:12:34","date_gmt":"2025-06-17T10:12:34","guid":{"rendered":"https:\/\/www.jugendherbergen-bayern.de\/lehrerfortbildung\/?page_id=666"},"modified":"2025-11-24T12:52:09","modified_gmt":"2025-11-24T11:52:09","slug":"teamerinnen-ausbildung-radikalisierungspraevention-power-skills","status":"publish","type":"page","link":"https:\/\/www.jugendherbergen-bayern.de\/lehrerfortbildung\/teamerinnen-ausbildung-radikalisierungspraevention-power-skills\/","title":{"rendered":"Teamer*innen Ausbildung Radikalisierungspr\u00e4vention Power Skills"},"content":{"rendered":"\n<p class=\"has-text-align-left\"><strong>Fortbildungswochenende f\u00fcr Programmreferent*innen \/ Teamer*innen<br>im Rahmen von dem Projekt \u201ePower Skills @ DJH \u2013 Radikalisierungspr\u00e4vention und F\u00f6rderung sozialer Kompetenzen\u201c<\/strong><br><\/p>\n\n\n\n<p class=\"has-text-align-left\">Die Ausbildung umfasst ein Wochenende. Es findet jeweils eine Ausbildung im Oktober und eine im Dezember statt.<\/p>\n\n\n\n<p class=\"has-text-align-left\">Termin 1:<br>\ud83d\udccd Kultur|Jugendherberge Regensburg<br>\ud83d\udcc5 Start: Freitag, 03.10.2025 (Start: ca. 17:30 Uhr) <br>\ud83d\udcc5 Ende: Sonntag, 05.10.2025 (Ende: ca. 13:00 Uhr)<br>\ud83d\udcb0 Kosten: Die Teilnahme inkl. Unterkunft + Verpflegung ist kostenfrei<br><br>Termin 2:<br>\ud83d\udccd Jugendherberge W\u00fcrzburg<br>\ud83d\udcc5 Start: Freitag, 12.12.2025 (Start: ca. 17:30 Uhr) <br>\ud83d\udcc5 Ende: Sonntag, 14.12.2025 (Ende: ca. 13:00 Uhr)<br>\ud83d\udcb0Kosten: Die Teilnahme inkl. Unterkunft + Verpflegung ist kostenfrei<br><\/p>\n\n\n\n<p class=\"has-text-align-left\"><strong>Worum geht\u2019s?<\/strong><br>Im Rahmen des Projekts \u201ePower Skills @ DJH\u201c bieten wir ein Ausbildungswochenende f\u00fcr (angehende) Programmreferent*innen und Teamer*innen an. Ziel ist es, neue Bildungsformate in Jugendherbergen rund um Radikalisierungspr\u00e4vention, Demokratiebildung und soziale Kompetenzen k\u00fcnftig noch breiter umsetzen zu k\u00f6nnen.<br>Ob du bereits Erfahrung als Teamer*in hast oder neu einsteigen m\u00f6chtest \u2013 wenn du Interesse an politischer Bildung, Jugendbeteiligung und der Arbeit mit Gruppen hast, bist du bei dieser Fortbildung genau richtig! <\/p>\n\n\n\n<p class=\"has-text-align-left\"><strong>Was erwartet dich?<\/strong><em> <\/em><\/p>\n\n\n\n<ul class=\"wp-block-list\">\n<li>Einf\u00fchrung in das Projekt \u201ePower Skills @ DJH\u201c <\/li>\n\n\n\n<li>Grundlagen der politischen Bildung<\/li>\n\n\n\n<li>Grundlagen der Auseinandersetzung mit Themen wie: Radikalisierun, Extremismus (online\/offline) Fake News, Hate Speech &amp; Verschw\u00f6rungsmythen Demokratische Werte und Menschenrechte Soziales Lernen &amp; Konfliktkompetenz<\/li>\n\n\n\n<li>Reflexion &amp; Austausch mit anderen Teamerinnen<\/li>\n\n\n\n<li>Vorbereitung auf die Durchf\u00fchrung der Workshop-Formate<\/li>\n\n\n\n<li>Informationen zu Organisation, Abl\u00e4ufen und Rahmenbedingungen<\/li>\n<\/ul>\n\n\n\n<p class=\"has-text-align-left\"><strong>F\u00fcr wen ist die Fortbildung gedacht?<\/strong><br>F\u00fcr alle, die\u2026<\/p>\n\n\n\n<ul class=\"wp-block-list\">\n<li>Interesse an der Bildungsarbeit mit Jugendlichen und jungen Erwachsenen haben<\/li>\n\n\n\n<li>gerne in Jugendherbergen Workshops gestalten m\u00f6chten<\/li>\n\n\n\n<li>Themen wie Extremismuspr\u00e4vention und demokratische Bildung wichtig finden<\/li>\n\n\n\n<li>sich gerne f\u00fcr eine bessere Welt einsetzen wollen<\/li>\n\n\n\n<li>sich methodisch und p\u00e4dagogisch weiterentwickeln wollen<\/li>\n\n\n\n<li>sich gerne etwas hinzuverdienen wollen<br><\/li>\n<\/ul>\n\n\n\n<script>\n  if (typeof hasAmeliaEvent === 'undefined') {\n    var hasAmeliaEvent = true;\n  }\n  if (typeof hasEventApiCall === 'undefined' && ('' === '' && '' !== '1')) {\n    var hasEventApiCall = true;\n  }\n  var hasEventShortcode = (typeof hasEventShortcode === 'undefined') ? false : true;\n  var ameliaShortcodeData = (typeof ameliaShortcodeData === 'undefined') ? [] : ameliaShortcodeData;\n  ameliaShortcodeData.push(\n    {\n      'hasApiCall': (typeof hasEventApiCall !== 'undefined') && hasEventApiCall,\n      'trigger': '',\n      'trigger_type': '',\n      'triggered_form': 'elf',\n      'in_dialog': '',\n      'counter': '1000',\n      'employee': '',\n      'eventId': '',\n      'eventRecurring': 0,\n      'eventTag': \"Teamer*innen-Ausbildung Radikalisierungspr\u00e4vention PowerSkills\",\n      'locationId': \"\"\n    }\n  );\n  var ameliaShortcodeDataTriggered = (typeof ameliaShortcodeDataTriggered === 'undefined') ? [] : ameliaShortcodeDataTriggered;\n  if (ameliaShortcodeData[ameliaShortcodeData.length - 1].trigger !== '') {\n    if (ameliaShortcodeDataTriggered.filter(a => a.counter === ameliaShortcodeData[ameliaShortcodeData.length - 1].counter).length === 0) {\n      ameliaShortcodeDataTriggered.push(ameliaShortcodeData.pop());\n    } else {\n      ameliaShortcodeData.pop()\n    }\n  }\n  if (typeof hasEventApiCall !== 'undefined' && hasEventApiCall) {\n    hasEventApiCall = false;\n  }\n<\/script>\n\n<div\n  id=\"amelia-v2-booking-1000\"\n  class=\"amelia-v2-booking\"\n>\n    <events-list-form-wrapper><\/div>\n\n","protected":false},"excerpt":{"rendered":"<p>Fortbildungswochenende f\u00fcr Programmreferent*innen \/ Teamer*innenim Rahmen von dem Projekt \u201ePower Skills @ DJH \u2013 Radikalisierungspr\u00e4vention und F\u00f6rderung sozialer Kompetenzen\u201c Die Ausbildung umfasst ein Wochenende. Es findet jeweils eine Ausbildung im Oktober und eine im Dezember statt. Termin 1:\ud83d\udccd Kultur|Jugendherberge Regensburg\ud83d\udcc5 Start: Freitag, 03.10.2025 (Start: ca. 17:30 Uhr) \ud83d\udcc5 Ende: Sonntag, 05.10.2025 (Ende: ca. 13:00 Uhr)\ud83d\udcb0 [&hellip;]<\/p>\n","protected":false},"author":801,"featured_media":0,"parent":0,"menu_order":0,"comment_status":"closed","ping_status":"closed","template":"","meta":{"footnotes":""},"class_list":["post-666","page","type-page","status-publish","hentry"],"_links":{"self":[{"href":"https:\/\/www.jugendherbergen-bayern.de\/lehrerfortbildung\/wp-json\/wp\/v2\/pages\/666","targetHints":{"allow":["GET"]}}],"collection":[{"href":"https:\/\/www.jugendherbergen-bayern.de\/lehrerfortbildung\/wp-json\/wp\/v2\/pages"}],"about":[{"href":"https:\/\/www.jugendherbergen-bayern.de\/lehrerfortbildung\/wp-json\/wp\/v2\/types\/page"}],"author":[{"embeddable":true,"href":"https:\/\/www.jugendherbergen-bayern.de\/lehrerfortbildung\/wp-json\/wp\/v2\/users\/801"}],"replies":[{"embeddable":true,"href":"https:\/\/www.jugendherbergen-bayern.de\/lehrerfortbildung\/wp-json\/wp\/v2\/comments?post=666"}],"version-history":[{"count":7,"href":"https:\/\/www.jugendherbergen-bayern.de\/lehrerfortbildung\/wp-json\/wp\/v2\/pages\/666\/revisions"}],"predecessor-version":[{"id":799,"href":"https:\/\/www.jugendherbergen-bayern.de\/lehrerfortbildung\/wp-json\/wp\/v2\/pages\/666\/revisions\/799"}],"wp:attachment":[{"href":"https:\/\/www.jugendherbergen-bayern.de\/lehrerfortbildung\/wp-json\/wp\/v2\/media?parent=666"}],"curies":[{"name":"wp","href":"https:\/\/api.w.org\/{rel}","templated":true}]}}